{"id":1052,"date":"2021-11-29T07:58:50","date_gmt":"2021-11-29T06:58:50","guid":{"rendered":"https:\/\/domicil.pl\/?page_id=1052"},"modified":"2021-11-29T07:58:50","modified_gmt":"2021-11-29T06:58:50","slug":"asarto-o-marce","status":"publish","type":"page","link":"https:\/\/domicil.pl\/index.php\/asarto-o-marce\/","title":{"rendered":"Asarto &#8211; o marce"},"content":{"rendered":"\n<p>Asarto to marka, kt\u00f3ra powsta\u0142a w 2012 roku w wyniku licznych bada\u0144 i analiz. Pozwoli\u0142y one producentowi zdoby\u0107 niezb\u0119dne do\u015bwiadczenie w dziedzinie najpopularniejszych i wysokowydajnych modeli a tak\u017ce tych wyspecjalizowanych.<\/p>\n\n\n\n<p>Cel: odnalezienie optymalnego produktu spe\u0142niaj\u0105cego kryteria:<\/p>\n\n\n\n<p>\u2022 oszcz\u0119dno\u015bci,<br>\u2022 wydajno\u015bci<br>\u2022 niezawodno\u015bci.<\/p>\n\n\n\n<p>Spe\u0142nione marzenie: wykroczy\u0107 poza ramy wydajno\u015bci orygina\u0142u, przy korzystniejszej cenie.<\/p>\n\n\n\n<p>Asarto specjalizuje si\u0119 we wk\u0142adach atramentowych i laserowych. Ofert\u0119 uzupe\u0142niaj\u0105 folie do faks\u00f3w termotransferowych i drukarek ig\u0142owych. Nowo\u015bci\u0105 w ofercie s\u0105 profesjonalne \u015brodki czyszcz\u0105ce.<\/p>\n\n\n\n<p>W d\u0105\u017ceniu do perfekcji pomaga producentowi:<\/p>\n\n\n\n<p>\u2022 w\u0142asny dzia\u0142 przedsprzeda\u017cnej kontroli jako\u015bci,<br>\u2022 \u015bcis\u0142a selekcja podzespo\u0142\u00f3w w laboratoriach,<br>\u2022 jako\u015bciowa kontrola procesu produkcji.<\/p>\n\n\n\n<p>Wynikiem tego s\u0105 najwy\u017cszej klasy wydruki.<\/p>\n","protected":false},"excerpt":{"rendered":"<p>Asarto to marka, kt\u00f3ra powsta\u0142a w 2012 roku w wyniku licznych bada\u0144 i analiz. Pozwoli\u0142y one producentowi zdoby\u0107 niezb\u0119dne do\u015bwiadczenie w dziedzinie najpopularniejszych i wysokowydajnych modeli a tak\u017ce tych wyspecjalizowanych. Cel: odnalezienie optymalnego produktu spe\u0142niaj\u0105cego kryteria: \u2022 oszcz\u0119dno\u015bci,\u2022 wydajno\u015bci\u2022 niezawodno\u015bci. Spe\u0142nione marzenie: wykroczy\u0107 poza ramy&hellip;<\/p>\n","protected":false},"author":1,"featured_media":0,"parent":0,"menu_order":0,"comment_status":"closed","ping_status":"closed","template":"","meta":{"footnotes":""},"class_list":["post-1052","page","type-page","status-publish","hentry"],"_links":{"self":[{"href":"https:\/\/domicil.pl\/index.php\/wp-json\/wp\/v2\/pages\/1052","targetHints":{"allow":["GET"]}}],"collection":[{"href":"https:\/\/domicil.pl\/index.php\/wp-json\/wp\/v2\/pages"}],"about":[{"href":"https:\/\/domicil.pl\/index.php\/wp-json\/wp\/v2\/types\/page"}],"author":[{"embeddable":true,"href":"https:\/\/domicil.pl\/index.php\/wp-json\/wp\/v2\/users\/1"}],"replies":[{"embeddable":true,"href":"https:\/\/domicil.pl\/index.php\/wp-json\/wp\/v2\/comments?post=1052"}],"version-history":[{"count":1,"href":"https:\/\/domicil.pl\/index.php\/wp-json\/wp\/v2\/pages\/1052\/revisions"}],"predecessor-version":[{"id":1053,"href":"https:\/\/domicil.pl\/index.php\/wp-json\/wp\/v2\/pages\/1052\/revisions\/1053"}],"wp:attachment":[{"href":"https:\/\/domicil.pl\/index.php\/wp-json\/wp\/v2\/media?parent=1052"}],"curies":[{"name":"wp","href":"https:\/\/api.w.org\/{rel}","templated":true}]}}