{"id":1054,"date":"2021-11-29T08:01:11","date_gmt":"2021-11-29T07:01:11","guid":{"rendered":"https:\/\/domicil.pl\/?page_id=1054"},"modified":"2024-12-15T07:36:22","modified_gmt":"2024-12-15T06:36:22","slug":"asarto-gwarancja","status":"publish","type":"page","link":"https:\/\/domicil.pl\/index.php\/asarto-gwarancja\/","title":{"rendered":"Asarto &#8211; gwarancja"},"content":{"rendered":"\n<p>Tusze i tonery Asarto obj\u0119te s\u0105 do\u017cywotni\u0105 gwarancj\u0105, natomiast ta\u015bmy do drukarek ig\u0142owych oraz \u015brodki czyszcz\u0105ce 24-miesi\u0119czn\u0105.<br>W trosce o Twoje dobro, prze\u015bwiadczony o jako\u015bci produkt\u00f3w Asarto producent, gwarancj\u0105 obj\u0105\u0142 tak\u017ce urz\u0105dzenia, na czas stosowania w nich materia\u0142\u00f3w eksploatacyjnych Asarto, a w przypadku ewentualnego uszkodzenia zapewnia Ci ich napraw\u0119 lub wymian\u0119.<\/p>\n\n\n\n<p><a href=\"https:\/\/www.asarto.pl\/pl\/gwarancja-i-ekologia\">Szczeg\u00f3\u0142owe warunki gwarancji i ekologii produkt\u00f3w Asarto<\/a><\/p>\n\n\n\n<p><\/p>\n","protected":false},"excerpt":{"rendered":"<p>Tusze i tonery Asarto obj\u0119te s\u0105 do\u017cywotni\u0105 gwarancj\u0105, natomiast ta\u015bmy do drukarek ig\u0142owych oraz \u015brodki czyszcz\u0105ce 24-miesi\u0119czn\u0105.W trosce o Twoje dobro, prze\u015bwiadczony o jako\u015bci produkt\u00f3w Asarto producent, gwarancj\u0105 obj\u0105\u0142 tak\u017ce urz\u0105dzenia, na czas stosowania w nich materia\u0142\u00f3w eksploatacyjnych Asarto, a w przypadku ewentualnego uszkodzenia zapewnia&hellip;<\/p>\n","protected":false},"author":1,"featured_media":0,"parent":0,"menu_order":0,"comment_status":"closed","ping_status":"closed","template":"","meta":{"footnotes":""},"class_list":["post-1054","page","type-page","status-publish","hentry"],"_links":{"self":[{"href":"https:\/\/domicil.pl\/index.php\/wp-json\/wp\/v2\/pages\/1054","targetHints":{"allow":["GET"]}}],"collection":[{"href":"https:\/\/domicil.pl\/index.php\/wp-json\/wp\/v2\/pages"}],"about":[{"href":"https:\/\/domicil.pl\/index.php\/wp-json\/wp\/v2\/types\/page"}],"author":[{"embeddable":true,"href":"https:\/\/domicil.pl\/index.php\/wp-json\/wp\/v2\/users\/1"}],"replies":[{"embeddable":true,"href":"https:\/\/domicil.pl\/index.php\/wp-json\/wp\/v2\/comments?post=1054"}],"version-history":[{"count":3,"href":"https:\/\/domicil.pl\/index.php\/wp-json\/wp\/v2\/pages\/1054\/revisions"}],"predecessor-version":[{"id":8073,"href":"https:\/\/domicil.pl\/index.php\/wp-json\/wp\/v2\/pages\/1054\/revisions\/8073"}],"wp:attachment":[{"href":"https:\/\/domicil.pl\/index.php\/wp-json\/wp\/v2\/media?parent=1054"}],"curies":[{"name":"wp","href":"https:\/\/api.w.org\/{rel}","templated":true}]}}