{"id":14,"date":"2021-11-25T05:44:09","date_gmt":"2021-11-25T04:44:09","guid":{"rendered":"http:\/\/domicil.pl\/?page_id=14"},"modified":"2024-12-17T17:29:04","modified_gmt":"2024-12-17T16:29:04","slug":"strona-glowna","status":"publish","type":"page","link":"https:\/\/domicil.pl\/","title":{"rendered":"Strona g\u0142\u00f3wna"},"content":{"rendered":"\n<p><\/p>\n\n\n\n<p><strong>Firma DOMICIL ma ju\u017c 25 lat, sprawdzon\u0105 jako\u015b\u0107 i niskie ceny.<\/strong><\/p>\n\n\n\n<h2 class=\"wp-block-heading\">NOWO\u015a\u0106 &#8211; wprowadzamy do oferty drukarki i urz\u0105dzenia wielofunkcyjne.<\/h2>\n\n\n\n<p>Prosz\u0119 pyta\u0107 o cen\u0119 i dost\u0119pno\u015b\u0107 wybranego modelu, a tak\u017ce o koszty zakupu pasuj\u0105cych materia\u0142\u00f3w eksploatacyjnych.<\/p>\n\n\n\n<p>Ch\u0119tnie pomo\u017cemy Ci dobra\u0107 produkty pasuj\u0105ce do Twojej drukarki. Mo\u017cesz tak\u017ce liczy\u0107 na pomoc przy wyborze nowej drukarki pod k\u0105tem dost\u0119pno\u015bci i ceny alternatywnych materia\u0142\u00f3w eksploatacyjnych.<br>Zach\u0119camy do u\u017cywania zamiennik\u00f3w firmy Asarto. Markowe alternatywne materia\u0142y eksploatacyjne to wielka oszcz\u0119dno\u015b\u0107 przy zachowaniu najwy\u017cszej jako\u015bci i niezawodno\u015bci. Oczywi\u015bcie oferujemy te\u017c orygina\u0142y \u2013 zw\u0142aszcza, \u017ce do niekt\u00f3rych modeli drukarek zamienniki nie s\u0105 dost\u0119pne.<\/p>\n\n\n\n<figure class=\"wp-block-image size-full\"><img loading=\"lazy\" decoding=\"async\" width=\"400\" height=\"138\" src=\"https:\/\/domicil.pl\/wp-content\/uploads\/2021\/11\/asarto-logo-400-x-138.png\" alt=\"\" class=\"wp-image-969\" srcset=\"https:\/\/domicil.pl\/wp-content\/uploads\/2021\/11\/asarto-logo-400-x-138.png 400w, https:\/\/domicil.pl\/wp-content\/uploads\/2021\/11\/asarto-logo-400-x-138-300x104.png 300w\" sizes=\"auto, (max-width: 400px) 100vw, 400px\" \/><figcaption class=\"wp-element-caption\"><strong>Asarto &#8211; tusze i tonery do drukarek &#8211; bardzo dobre zamienniki od sprawdzonego producenta.<\/strong><\/figcaption><\/figure>\n\n\n\n<p>Materia\u0142y eksploatacyjne <strong>Asarto<\/strong> stanowi\u0105 szerok\u0105 ofert\u0119 do urz\u0105dze\u0144 drukuj\u0105cych Brother, Canon, Epson, HP, Kyocera, Lexmark, Konica Minolta, OKI, Panasonic, Ricoh, Samsung, Sharp, Toshiba, Xerox i wielu innych.<br>Jako\u015b\u0107 i niezawodno\u015b\u0107 produkt\u00f3w Asarto potwierdzaj\u0105 liczne <a href=\"https:\/\/www.asarto.pl\/pl\/o-marce\/nagrody-i-certyfikaty\" target=\"_blank\" rel=\"noreferrer noopener\"><u>nagrody i certyfikaty<\/u><\/a> takie jak Laur klienta 2024, Top Marka 2023, Laur Klienta 2023, Laur Konsumenta 2022, Najwy\u017csza Jako\u015b\u0107 Quality International 2021, Z\u0142oty laur konsumenta 2021, T\u00dcV, PC World poleca.<br>Dodatkowo tonery i tusze Asarto obj\u0119te s\u0105 do\u017cywotni\u0105 gwarancj\u0105 producenta.<\/p>\n\n\n\n<p><strong>Najbli\u017csza okolica w promieniu 10 km:<\/strong><\/p>\n\n\n\n<p>Banino, Bojano, Borowiec, Chwaszczyno, Czaple, Czeczewo, Dobrzewino, Gda\u0144sk (Br\u0119towo, Jasie\u0144, Jelitkowo, Kokoszki, Matarnia, Oliwa, Osowa, Piecki-Migowo, Przymorze, Wrzeszcz, Zaspa, \u017babianka), Gdynia (Chwarzno-Wiczlino, D\u0105browa, Karwiny, Ma\u0142y Kack, Or\u0142owo, Red\u0142owo, Wielki Kack, Witomino), Kielno, Klukowo, Koleczkowo, Myszewo, Nowy \u015awiat, P\u0119powo, R\u0119biechowo, Sopot, Tuchomek, Warzenko, Warzno<\/p>\n\n\n\n<p><strong>Odbi\u00f3r osobisty w godzinach otwarcia lub po uzgodnieniu terminu.<br>Zapraszam!<\/strong><\/p>\n","protected":false},"excerpt":{"rendered":"<p>Firma DOMICIL ma ju\u017c 25 lat, sprawdzon\u0105 jako\u015b\u0107 i niskie ceny. NOWO\u015a\u0106 &#8211; wprowadzamy do oferty drukarki i urz\u0105dzenia wielofunkcyjne. Prosz\u0119 pyta\u0107 o cen\u0119 i dost\u0119pno\u015b\u0107 wybranego modelu, a tak\u017ce o koszty zakupu pasuj\u0105cych materia\u0142\u00f3w eksploatacyjnych. Ch\u0119tnie pomo\u017cemy Ci dobra\u0107 produkty pasuj\u0105ce do Twojej drukarki.&hellip;<\/p>\n","protected":false},"author":1,"featured_media":0,"parent":0,"menu_order":0,"comment_status":"closed","ping_status":"closed","template":"","meta":{"footnotes":""},"class_list":["post-14","page","type-page","status-publish","hentry"],"_links":{"self":[{"href":"https:\/\/domicil.pl\/index.php\/wp-json\/wp\/v2\/pages\/14","targetHints":{"allow":["GET"]}}],"collection":[{"href":"https:\/\/domicil.pl\/index.php\/wp-json\/wp\/v2\/pages"}],"about":[{"href":"https:\/\/domicil.pl\/index.php\/wp-json\/wp\/v2\/types\/page"}],"author":[{"embeddable":true,"href":"https:\/\/domicil.pl\/index.php\/wp-json\/wp\/v2\/users\/1"}],"replies":[{"embeddable":true,"href":"https:\/\/domicil.pl\/index.php\/wp-json\/wp\/v2\/comments?post=14"}],"version-history":[{"count":30,"href":"https:\/\/domicil.pl\/index.php\/wp-json\/wp\/v2\/pages\/14\/revisions"}],"predecessor-version":[{"id":8077,"href":"https:\/\/domicil.pl\/index.php\/wp-json\/wp\/v2\/pages\/14\/revisions\/8077"}],"wp:attachment":[{"href":"https:\/\/domicil.pl\/index.php\/wp-json\/wp\/v2\/media?parent=14"}],"curies":[{"name":"wp","href":"https:\/\/api.w.org\/{rel}","templated":true}]}}