{"id":16,"date":"2021-11-25T05:45:43","date_gmt":"2021-11-25T04:45:43","guid":{"rendered":"http:\/\/domicil.pl\/?page_id=16"},"modified":"2024-03-29T05:41:45","modified_gmt":"2024-03-29T04:41:45","slug":"kontakt","status":"publish","type":"page","link":"https:\/\/domicil.pl\/index.php\/kontakt\/","title":{"rendered":"Kontakt"},"content":{"rendered":"\n<p>FHU DOMICIL<br>ul. Gnie\u017anie\u0144ska 29<br>80-299 Gda\u0144sk \u2013 Osowa<\/p>\n\n\n\n<p>NIP: 5842367784<br>Tel. 572 034 237<br>E-mail:&nbsp;<a href=\"mailto:fhudomicil@gmail.com\" target=\"_blank\" rel=\"noreferrer noopener\">fhudomicil@gmail.com<\/a><\/p>\n\n\n\n<p><a rel=\"noreferrer noopener\" href=\"https:\/\/goo.gl\/maps\/FS4UbeWD1S75m9wU7\" target=\"_blank\"><u>Mapa dojazdu<\/u><\/a><\/p>\n","protected":false},"excerpt":{"rendered":"<p>FHU DOMICILul. Gnie\u017anie\u0144ska 2980-299 Gda\u0144sk \u2013 Osowa NIP: 5842367784Tel. 572 034 237E-mail:&nbsp;fhudomicil@gmail.com Mapa dojazdu<\/p>\n","protected":false},"author":1,"featured_media":0,"parent":0,"menu_order":0,"comment_status":"closed","ping_status":"closed","template":"","meta":{"footnotes":""},"class_list":["post-16","page","type-page","status-publish","hentry"],"_links":{"self":[{"href":"https:\/\/domicil.pl\/index.php\/wp-json\/wp\/v2\/pages\/16","targetHints":{"allow":["GET"]}}],"collection":[{"href":"https:\/\/domicil.pl\/index.php\/wp-json\/wp\/v2\/pages"}],"about":[{"href":"https:\/\/domicil.pl\/index.php\/wp-json\/wp\/v2\/types\/page"}],"author":[{"embeddable":true,"href":"https:\/\/domicil.pl\/index.php\/wp-json\/wp\/v2\/users\/1"}],"replies":[{"embeddable":true,"href":"https:\/\/domicil.pl\/index.php\/wp-json\/wp\/v2\/comments?post=16"}],"version-history":[{"count":11,"href":"https:\/\/domicil.pl\/index.php\/wp-json\/wp\/v2\/pages\/16\/revisions"}],"predecessor-version":[{"id":6457,"href":"https:\/\/domicil.pl\/index.php\/wp-json\/wp\/v2\/pages\/16\/revisions\/6457"}],"wp:attachment":[{"href":"https:\/\/domicil.pl\/index.php\/wp-json\/wp\/v2\/media?parent=16"}],"curies":[{"name":"wp","href":"https:\/\/api.w.org\/{rel}","templated":true}]}}