{"id":19,"date":"2021-11-25T05:47:28","date_gmt":"2021-11-25T04:47:28","guid":{"rendered":"http:\/\/domicil.pl\/?page_id=19"},"modified":"2024-03-29T05:43:21","modified_gmt":"2024-03-29T04:43:21","slug":"polityka-prywatnosci","status":"publish","type":"page","link":"https:\/\/domicil.pl\/index.php\/polityka-prywatnosci\/","title":{"rendered":"Polityka prywatno\u015bci"},"content":{"rendered":"\n<h3 class=\"wp-block-heading\"><strong>Polityka prywatno\u015bci serwisu domicil.pl<\/strong><\/h3>\n\n\n\n<ol class=\"wp-block-list\">\n<li>Informacje og\u00f3lne<br>Niniejsza Polityka Prywatno\u015bci okre\u015bla zasady przetwarzania i ochrony danych osobowych przekazanych przez U\u017cytkownik\u00f3w w zwi\u0105zku z korzystaniem przez nich z serwisu domicil.pl .<\/li>\n\n\n\n<li>Administratorem danych osobowych zawartych w serwisie jest firma FHU DOMICIL z siedzib\u0105 przy ul. Gnie\u017anie\u0144skiej 29 w Gda\u0144sku, NIP 5842367784, REGON 191867110.<\/li>\n\n\n\n<li>W trosce o bezpiecze\u0144stwo powierzonych nam danych opracowali\u015bmy wewn\u0119trzne procedury i zalecenia, kt\u00f3re maj\u0105 zapobiec udost\u0119pnieniu danych osobom nieupowa\u017cnionym. Kontrolujemy ich wykonywanie i stale sprawdzamy ich zgodno\u015b\u0107 z odpowiednimi aktami prawnymi \u2013 ustaw\u0105 o ochronie danych osobowych, ustaw\u0105 o \u015bwiadczeniu us\u0142ug drog\u0105 elektroniczn\u0105, a tak\u017ce wszelkiego rodzaju aktach wykonawczych i aktach prawa wsp\u00f3lnotowego.<\/li>\n\n\n\n<li>Dane Osobowe przetwarzane s\u0105 na podstawie zgody wyra\u017canej przez U\u017cytkownika oraz w przypadkach, w kt\u00f3rych przepisy prawa upowa\u017cniaj\u0105 Administratora do przetwarzania danych osobowych na podstawie przepis\u00f3w prawa lub w celu realizacji zawartej pomi\u0119dzy stronami umowy.<\/li>\n\n\n\n<li>Serwis realizuje funkcje pozyskiwania informacji o u\u017cytkownikach i ich zachowaniach w nast\u0119puj\u0105cy spos\u00f3b:<br>a) poprzez dobrowolnie wprowadzone w formularzach informacje<br>b) poprzez gromadzenie plik\u00f3w \u201ccookies\u201d [patrz <a href=\"https:\/\/domicil.pl\/index.php\/polityka-prywatnosci\/\"><u>polityka plik\u00f3w cookie<\/u><\/a>].<\/li>\n\n\n\n<li>Serwis zbiera informacje dobrowolnie podane przez u\u017cytkownika.<\/li>\n\n\n\n<li>Dane podane w formularzu s\u0105 przetwarzane w celu wynikaj\u0105cym z funkcji konkretnego formularza np. w celu dokonania procesu obs\u0142ugi zam\u00f3wienia lub kontaktu informacyjnego.<\/li>\n\n\n\n<li>Dane osobowe pozostawione w serwisie nie zostan\u0105 sprzedane ani udost\u0119pnione osobom trzecim, zgodnie z przepisami Ustawy o ochronie danych osobowych.<\/li>\n\n\n\n<li>Do danych zawartych w formularzu przys\u0142uguje wgl\u0105d osobie fizycznej, kt\u00f3ra je tam umie\u015bci\u0142a. Osoba ta ma r\u00f3wnie\u017c praw do modyfikacji i zaprzestania przetwarzania swoich danych w dowolnym momencie.<\/li>\n\n\n\n<li>Zastrzegamy sobie prawo do zmiany w polityce ochrony prywatno\u015bci serwisu, na kt\u00f3re mo\u017ce wp\u0142yn\u0105\u0107 rozw\u00f3j technologii internetowej, ewentualne zmiany prawa w zakresie ochrony danych osobowych oraz rozw\u00f3j naszego serwisu internetowego. O wszelkich zmianach b\u0119dziemy informowa\u0107 w spos\u00f3b widoczny i zrozumia\u0142y.<\/li>\n\n\n\n<li>W Serwisie mog\u0105 pojawia\u0107 si\u0119 linki do innych stron internetowych. Takie strony internetowe dzia\u0142aj\u0105 niezale\u017cnie od Serwisu i nie s\u0105 w \u017caden spos\u00f3b nadzorowane przez serwis domicil.pl .<br>Strony te mog\u0105 posiada\u0107 w\u0142asne polityki dotycz\u0105ce prywatno\u015bci oraz regulaminy, z kt\u00f3rymi zalecamy si\u0119 zapozna\u0107.<br>W razie w\u0105tpliwo\u015bci co kt\u00f3regokolwiek z zapis\u00f3w niniejszej polityki prywatno\u015bci jeste\u015bmy do dyspozycji \u2013 nasze dane znale\u017a\u0107 mo\u017cna w zak\u0142adce \u2013 <a href=\"https:\/\/domicil.pl\/index.php\/kontakt\/\"><u>KONTAKT<\/u><\/a>.<\/li>\n<\/ol>\n","protected":false},"excerpt":{"rendered":"<p>Polityka prywatno\u015bci serwisu domicil.pl<\/p>\n","protected":false},"author":1,"featured_media":0,"parent":0,"menu_order":0,"comment_status":"closed","ping_status":"closed","template":"","meta":{"footnotes":""},"class_list":["post-19","page","type-page","status-publish","hentry"],"_links":{"self":[{"href":"https:\/\/domicil.pl\/index.php\/wp-json\/wp\/v2\/pages\/19","targetHints":{"allow":["GET"]}}],"collection":[{"href":"https:\/\/domicil.pl\/index.php\/wp-json\/wp\/v2\/pages"}],"about":[{"href":"https:\/\/domicil.pl\/index.php\/wp-json\/wp\/v2\/types\/page"}],"author":[{"embeddable":true,"href":"https:\/\/domicil.pl\/index.php\/wp-json\/wp\/v2\/users\/1"}],"replies":[{"embeddable":true,"href":"https:\/\/domicil.pl\/index.php\/wp-json\/wp\/v2\/comments?post=19"}],"version-history":[{"count":5,"href":"https:\/\/domicil.pl\/index.php\/wp-json\/wp\/v2\/pages\/19\/revisions"}],"predecessor-version":[{"id":6458,"href":"https:\/\/domicil.pl\/index.php\/wp-json\/wp\/v2\/pages\/19\/revisions\/6458"}],"wp:attachment":[{"href":"https:\/\/domicil.pl\/index.php\/wp-json\/wp\/v2\/media?parent=19"}],"curies":[{"name":"wp","href":"https:\/\/api.w.org\/{rel}","templated":true}]}}