{"id":7025,"date":"2024-12-12T17:56:45","date_gmt":"2024-12-12T16:56:45","guid":{"rendered":"https:\/\/domicil.pl\/index.php\/produkt\/toner-asarto-as-lh280xn-zamiennik-do-hp-cf280x\/"},"modified":"2026-03-27T12:37:42","modified_gmt":"2026-03-27T11:37:42","slug":"toner-asarto-as-lh280xn-zamiennik-do-hp-cf280x","status":"publish","type":"product","link":"https:\/\/domicil.pl\/index.php\/produkt\/toner-asarto-as-lh280xn-zamiennik-do-hp-cf280x\/","title":{"rendered":"Toner Asarto do HP 80BXN | CF280X | 6900 str. | black"},"content":{"rendered":"<p>Produkty Asarto zosta\u0142y opracowane z my\u015bl\u0105 o wydajno\u015bci, oszcz\u0119dno\u015bci i niezawodno\u015bci.<br \/>\nPosiadaj\u0105 w\u0142a\u015bciwo\u015bci fizykochemiczne oraz techniczne r\u00f3wne lub wy\u017csze ni\u017c produkt producenta drukarki.<br \/>\nOznacza to, \u017ce produkty Asarto pozwalaj\u0105 na wydrukowanie znacznie wi\u0119kszej liczby stron ni\u017c materia\u0142y OEM.<\/p>\n<p>Produkty Asarto zosta\u0142y przebadane w testach drukuj\u0105cych przy 5% zaczernieniu strony wg normy ISO 19752.<br \/>\nWynik przedstawia bardzo dobr\u0105 jako\u015b\u0107 wydruk\u00f3w oraz wysok\u0105 niezawodno\u015b\u0107.<br \/>\nMateria\u0142y eksploatacyjne Asarto s\u0105 w pe\u0142ni kompatybilne z urz\u0105dzeniem, do kt\u00f3rego s\u0105 przeznaczone.<br \/>\nIch u\u017cycie nie narusza warunk\u00f3w gwarancji producenta OEM.<\/p>\n<p>Tusze i tonery Asarto obj\u0119te s\u0105 do\u017cywotni\u0105 gwarancj\u0105, natomiast ta\u015bmy do drukarek ig\u0142owych oraz \u015brodki czyszcz\u0105ce 24-miesi\u0119czn\u0105.<br \/>\nW trosce o Twoje dobro, prze\u015bwiadczony o jako\u015bci produkt\u00f3w Asarto producent, gwarancj\u0105 obj\u0105\u0142 tak\u017ce urz\u0105dzenia, na czas stosowania w nich materia\u0142\u00f3w eksploatacyjnych Asarto, a w przypadku ewentualnego uszkodzenia zapewnia Ci ich napraw\u0119 lub wymian\u0119.<\/p>\n","protected":false},"excerpt":{"rendered":"<p>Toner Asarto do HP 80BXN | CF280X | 6900 str. | black. Pasuje do urz\u0105dze\u0144: HP LaserJet Pro 400 M401, HP LaserJet Pro 400 M401a, HP LaserJet Pro 400 M401d, HP LaserJet Pro 400 M401dn, HP LaserJet Pro 400 M401dne, HP LaserJet Pro 400 M401dw, HP LaserJet Pro 400 M401n, HP LaserJet Pro 400 MFP M425, HP LaserJet Pro 400 MFP M425dn, HP LaserJet Pro 400 MFP M425dw<\/p>\n","protected":false},"featured_media":9681,"comment_status":"open","ping_status":"closed","template":"","meta":[],"product_brand":[],"product_cat":[29],"product_tag":[871,446,3690,5266,484,5265,486],"class_list":{"0":"post-7025","1":"product","2":"type-product","3":"status-publish","4":"has-post-thumbnail","6":"product_cat-tonery-hp","7":"product_tag-as-lh280xn","8":"product_tag-asarto","9":"product_tag-cf280x","10":"product_tag-gdansk-osowa","11":"product_tag-toner","12":"product_tag-trojmiasto","13":"product_tag-zamiennik","15":"first","16":"instock","17":"featured","18":"taxable","19":"shipping-taxable","20":"purchasable","21":"product-type-simple"},"_links":{"self":[{"href":"https:\/\/domicil.pl\/index.php\/wp-json\/wp\/v2\/product\/7025","targetHints":{"allow":["GET"]}}],"collection":[{"href":"https:\/\/domicil.pl\/index.php\/wp-json\/wp\/v2\/product"}],"about":[{"href":"https:\/\/domicil.pl\/index.php\/wp-json\/wp\/v2\/types\/product"}],"replies":[{"embeddable":true,"href":"https:\/\/domicil.pl\/index.php\/wp-json\/wp\/v2\/comments?post=7025"}],"wp:featuredmedia":[{"embeddable":true,"href":"https:\/\/domicil.pl\/index.php\/wp-json\/wp\/v2\/media\/9681"}],"wp:attachment":[{"href":"https:\/\/domicil.pl\/index.php\/wp-json\/wp\/v2\/media?parent=7025"}],"wp:term":[{"taxonomy":"product_brand","embeddable":true,"href":"https:\/\/domicil.pl\/index.php\/wp-json\/wp\/v2\/product_brand?post=7025"},{"taxonomy":"product_cat","embeddable":true,"href":"https:\/\/domicil.pl\/index.php\/wp-json\/wp\/v2\/product_cat?post=7025"},{"taxonomy":"product_tag","embeddable":true,"href":"https:\/\/domicil.pl\/index.php\/wp-json\/wp\/v2\/product_tag?post=7025"}],"curies":[{"name":"wp","href":"https:\/\/api.w.org\/{rel}","templated":true}]}}